{"id":847,"date":"2019-07-06T11:18:38","date_gmt":"2019-07-06T09:18:38","guid":{"rendered":"https:\/\/macanders.eu\/?page_id=847"},"modified":"2019-12-18T16:13:07","modified_gmt":"2019-12-18T15:13:07","slug":"the-clan","status":"publish","type":"page","link":"https:\/\/macanders.eu\/en\/the-clan\/","title":{"rendered":"THE CLAN"},"content":{"rendered":"[vc_row type=&#8221;full_width_content&#8221; full_screen_row_position=&#8221;middle&#8221; bg_color=&#8221;#dddddd&#8221; scene_position=&#8221;center&#8221; text_color=&#8221;dark&#8221; text_align=&#8221;left&#8221; overlay_strength=&#8221;0.3&#8243; shape_divider_position=&#8221;bottom&#8221; bg_image_animation=&#8221;none&#8221; shape_type=&#8221;&#8221;][vc_column column_padding=&#8221;no-extra-padding&#8221; column_padding_position=&#8221;all&#8221; background_color_opacity=&#8221;1&#8243; background_hover_color_opacity=&#8221;1&#8243; column_link_target=&#8221;_self&#8221; column_shadow=&#8221;none&#8221; column_border_radius=&#8221;none&#8221; width=&#8221;1\/1&#8243; tablet_width_inherit=&#8221;default&#8221; tablet_text_alignment=&#8221;default&#8221; phone_text_alignment=&#8221;default&#8221; column_border_width=&#8221;none&#8221; column_border_style=&#8221;solid&#8221; bg_image_animation=&#8221;none&#8221;][vc_column_text css=&#8221;.vc_custom_1562404687977{margin-right: 10% !important;margin-left: 10% !important;}&#8221;]<div id=\"awsm-team-811\" class=\"awsm-grid-wrapper\">\n\t\t\n\t<div class=\"awsm-modal\">\n\t\t\t<div class=\"awsm-grid-modal awsm-grid modal-style style-1 grid-4-col \">\n\t\t\t\t\t\t<div id=\"awsm-member-811-2941\" class=\"awsm-grid-card awsm-team-item awsm-scale-anm awsm-all\">\n\t\t\t\t\t<span id=\"tigger-style-811-2941\" class=\"awsm-team-link-control awsm-modal-trigger awsm-modal-trigger-2941\" data-trigger=\"#modal-style-811-2941\">\n\t\t\t\t\t\t<figure>\n\t\t\t\t\t\t\t<img loading=\"lazy\" decoding=\"async\" width=\"500\" height=\"500\" src=\"https:\/\/macanders.eu\/wp-content\/uploads\/2021\/01\/Sans-titre-500x500.jpg\" class=\"attachment-awsm_team size-awsm_team wp-post-image\" alt=\"\" \/>\t\t\t\t\t\t\t<figcaption>\n\t\t\t\t\t\t\t\t<div class=\"awsm-personal-info\"><span>Manager MacAnders Bordeaux<\/span><h3>Julien Demare<\/h3><\/div>\t\t\t\t\t\t\t<\/figcaption>\n\t\t\t\t\t\t<\/figure>\n\t\t\t\t\t<\/span>\n\t\t\t\t<\/div>\n\t\t\t\t\t\t\t<div id=\"awsm-member-811-2943\" class=\"awsm-grid-card awsm-team-item awsm-scale-anm awsm-all\">\n\t\t\t\t\t<span id=\"tigger-style-811-2943\" class=\"awsm-team-link-control awsm-modal-trigger awsm-modal-trigger-2943\" data-trigger=\"#modal-style-811-2943\">\n\t\t\t\t\t\t<figure>\n\t\t\t\t\t\t\t<img loading=\"lazy\" decoding=\"async\" width=\"500\" height=\"500\" src=\"https:\/\/macanders.eu\/wp-content\/uploads\/2020\/12\/IMG_8240-2-1-500x500.jpg\" class=\"attachment-awsm_team size-awsm_team wp-post-image\" alt=\"\" \/>\t\t\t\t\t\t\t<figcaption>\n\t\t\t\t\t\t\t\t<div class=\"awsm-personal-info\"><span>Consultante<\/span><h3>Claire Fabre<\/h3><\/div>\t\t\t\t\t\t\t<\/figcaption>\n\t\t\t\t\t\t<\/figure>\n\t\t\t\t\t<\/span>\n\t\t\t\t<\/div>\n\t\t\t\t\t\t\t<div id=\"awsm-member-811-830\" class=\"awsm-grid-card awsm-team-item awsm-scale-anm awsm-all\">\n\t\t\t\t\t<span id=\"tigger-style-811-830\" class=\"awsm-team-link-control awsm-modal-trigger awsm-modal-trigger-830\" data-trigger=\"#modal-style-811-830\">\n\t\t\t\t\t\t<figure>\n\t\t\t\t\t\t\t<img loading=\"lazy\" decoding=\"async\" width=\"500\" height=\"500\" src=\"https:\/\/macanders.eu\/wp-content\/uploads\/2019\/07\/IMG_2001-nb-1-500x500.jpg\" class=\"attachment-awsm_team size-awsm_team wp-post-image\" alt=\"\" \/>\t\t\t\t\t\t\t<figcaption>\n\t\t\t\t\t\t\t\t<div class=\"awsm-personal-info\"><span>Senior Consultant - IT &amp; Digital Transformation<\/span><h3>J\u00e9r\u00f4me Berr<\/h3><\/div>\t\t\t\t\t\t\t<\/figcaption>\n\t\t\t\t\t\t<\/figure>\n\t\t\t\t\t<\/span>\n\t\t\t\t<\/div>\n\t\t\t\t\t\t\t<div id=\"awsm-member-811-843\" class=\"awsm-grid-card awsm-team-item awsm-scale-anm awsm-all\">\n\t\t\t\t\t<span id=\"tigger-style-811-843\" class=\"awsm-team-link-control awsm-modal-trigger awsm-modal-trigger-843\" data-trigger=\"#modal-style-811-843\">\n\t\t\t\t\t\t<figure>\n\t\t\t\t\t\t\t<img loading=\"lazy\" decoding=\"async\" width=\"500\" height=\"500\" src=\"https:\/\/macanders.eu\/wp-content\/uploads\/2019\/07\/Virginie_Genet_NB-500x500.jpg\" class=\"attachment-awsm_team size-awsm_team wp-post-image\" alt=\"virginie genet expert du recrutement macanders paris\" \/>\t\t\t\t\t\t\t<figcaption>\n\t\t\t\t\t\t\t\t<div class=\"awsm-personal-info\"><span>Financial and Administrative Manager<\/span><h3>Virginie Genet<\/h3><\/div>\t\t\t\t\t\t\t<\/figcaption>\n\t\t\t\t\t\t<\/figure>\n\t\t\t\t\t<\/span>\n\t\t\t\t<\/div>\n\t\t\t\t\t\t\t<div id=\"awsm-member-811-2922\" class=\"awsm-grid-card awsm-team-item awsm-scale-anm awsm-all\">\n\t\t\t\t\t<span id=\"tigger-style-811-2922\" class=\"awsm-team-link-control awsm-modal-trigger awsm-modal-trigger-2922\" data-trigger=\"#modal-style-811-2922\">\n\t\t\t\t\t\t<figure>\n\t\t\t\t\t\t\t<img loading=\"lazy\" decoding=\"async\" width=\"500\" height=\"500\" src=\"https:\/\/macanders.eu\/wp-content\/uploads\/2022\/12\/IMG_1253-2-1-500x500.jpg\" class=\"attachment-awsm_team size-awsm_team wp-post-image\" alt=\"\" \/>\t\t\t\t\t\t\t<figcaption>\n\t\t\t\t\t\t\t\t<div class=\"awsm-personal-info\"><span>Consultant<\/span><h3>Charlotte de Malet<\/h3><\/div>\t\t\t\t\t\t\t<\/figcaption>\n\t\t\t\t\t\t<\/figure>\n\t\t\t\t\t<\/span>\n\t\t\t\t<\/div>\n\t\t\t\t\t\t\t<div id=\"awsm-member-811-844\" class=\"awsm-grid-card awsm-team-item awsm-scale-anm awsm-all\">\n\t\t\t\t\t<span id=\"tigger-style-811-844\" class=\"awsm-team-link-control awsm-modal-trigger awsm-modal-trigger-844\" data-trigger=\"#modal-style-811-844\">\n\t\t\t\t\t\t<figure>\n\t\t\t\t\t\t\t<img loading=\"lazy\" decoding=\"async\" width=\"500\" height=\"500\" src=\"https:\/\/macanders.eu\/wp-content\/uploads\/2019\/07\/samir_NB-500x500.png\" class=\"attachment-awsm_team size-awsm_team wp-post-image\" alt=\"Samir Moussous expert du recrutement macanders paris\" \/>\t\t\t\t\t\t\t<figcaption>\n\t\t\t\t\t\t\t\t<div class=\"awsm-personal-info\"><span>Research Pole Manager<\/span><h3>Samir Moussous<\/h3><\/div>\t\t\t\t\t\t\t<\/figcaption>\n\t\t\t\t\t\t<\/figure>\n\t\t\t\t\t<\/span>\n\t\t\t\t<\/div>\n\t\t\t\t\t\t\t<div id=\"awsm-member-811-2930\" class=\"awsm-grid-card awsm-team-item awsm-scale-anm awsm-all\">\n\t\t\t\t\t<span id=\"tigger-style-811-2930\" class=\"awsm-team-link-control awsm-modal-trigger awsm-modal-trigger-2930\" data-trigger=\"#modal-style-811-2930\">\n\t\t\t\t\t\t<figure>\n\t\t\t\t\t\t\t<img loading=\"lazy\" decoding=\"async\" width=\"500\" height=\"500\" src=\"https:\/\/macanders.eu\/wp-content\/uploads\/2022\/05\/IMG_0690-2-500x500.jpg\" class=\"attachment-awsm_team size-awsm_team wp-post-image\" alt=\"\" \/>\t\t\t\t\t\t\t<figcaption>\n\t\t\t\t\t\t\t\t<div class=\"awsm-personal-info\"><span>Consultant<\/span><h3>Aurore Schneider<\/h3><\/div>\t\t\t\t\t\t\t<\/figcaption>\n\t\t\t\t\t\t<\/figure>\n\t\t\t\t\t<\/span>\n\t\t\t\t<\/div>\n\t\t\t\t\t\t\t<div id=\"awsm-member-811-2944\" class=\"awsm-grid-card awsm-team-item awsm-scale-anm awsm-all\">\n\t\t\t\t\t<span id=\"tigger-style-811-2944\" class=\"awsm-team-link-control awsm-modal-trigger awsm-modal-trigger-2944\" data-trigger=\"#modal-style-811-2944\">\n\t\t\t\t\t\t<figure>\n\t\t\t\t\t\t\t<img loading=\"lazy\" decoding=\"async\" width=\"500\" height=\"500\" src=\"https:\/\/macanders.eu\/wp-content\/uploads\/2020\/07\/IMG_7529_edited_nb-500x500.jpg\" class=\"attachment-awsm_team size-awsm_team wp-post-image\" alt=\"\" \/>\t\t\t\t\t\t\t<figcaption>\n\t\t\t\t\t\t\t\t<div class=\"awsm-personal-info\"><span>Senior Consultant<\/span><h3>G\u00e9rard Joulin<\/h3><\/div>\t\t\t\t\t\t\t<\/figcaption>\n\t\t\t\t\t\t<\/figure>\n\t\t\t\t\t<\/span>\n\t\t\t\t<\/div>\n\t\t\t\t\t\t\t<div id=\"awsm-member-811-2934\" class=\"awsm-grid-card awsm-team-item awsm-scale-anm awsm-all\">\n\t\t\t\t\t<span id=\"tigger-style-811-2934\" class=\"awsm-team-link-control awsm-modal-trigger awsm-modal-trigger-2934\" data-trigger=\"#modal-style-811-2934\">\n\t\t\t\t\t\t<figure>\n\t\t\t\t\t\t\t<img loading=\"lazy\" decoding=\"async\" width=\"500\" height=\"500\" src=\"https:\/\/macanders.eu\/wp-content\/uploads\/2022\/02\/IMG_9436-3-500x500.jpg\" class=\"attachment-awsm_team size-awsm_team wp-post-image\" alt=\"\" \/>\t\t\t\t\t\t\t<figcaption>\n\t\t\t\t\t\t\t\t<div class=\"awsm-personal-info\"><span>Consultant<\/span><h3>Emilie Kessous<\/h3><\/div>\t\t\t\t\t\t\t<\/figcaption>\n\t\t\t\t\t\t<\/figure>\n\t\t\t\t\t<\/span>\n\t\t\t\t<\/div>\n\t\t\t\t\t<\/div>\n\t\t<div class=\"awsm-modal-items modal-style style-1 grid-4-col \">\n\t\t\t<span class=\"awsm-team-link-control awsm-modal-close\"><\/span>\n\t\t\t<div class=\"awsm-modal-items-main\">\n\t\t\t\t<span class=\"awsm-team-link-control awsm-nav-item awsm-nav-left\"><\/span>\n\t\t\t\t\t<div id=\"modal-style-811-2941\" class=\"awsm-modal-item awsm-scale-anm awsm-modal-hidden awsm-all \" data-info=\"2941\">\n\t<div id=\"awsm-member-info-811-2941\" class=\"awsm-modal-content\">\n\t\t<div class=\"awsm-modal-content-main\">\n\t\t\t<div class=\"awsm-image-main\">\n\t\t\t\t<img loading=\"lazy\" decoding=\"async\" width=\"500\" height=\"500\" src=\"https:\/\/macanders.eu\/wp-content\/uploads\/2021\/01\/Sans-titre-500x500.jpg\" class=\"attachment-awsm_team size-awsm_team wp-post-image\" alt=\"\" \/>\t\t\t<\/div>\n\t\t\t<div class=\"awsm-modal-details\">\n\t\t\t\t<div class=\"awsm-modal-content-inner\">\n\t\t\t\t\t<h3>Manager MacAnders Bordeaux<\/h3><h2>Julien Demare<\/h2><p>Julien holds a Master&#8217;s degree in management and a Master&#8217;s degree with a major in HR. He started his career as a consultant in a specialised recruitment agency. He became a manager and then a director of a world leader in the search for and assessment of talent (senior executives and experts) for various sectors of activity (industry, services, engineering).<\/p>\n<p>His 15 years of experience allows him to support his clients with his dedicated expertise, creating and developing teams. He joins MacAnders to participate in the development of the consulting activities in the Nouvelle-Aquitaine region.<\/p>\n\t\t\t\t<\/div>\n\t\t\t<\/div>\n\t\t<\/div>\n\t<\/div>\n<\/div>\n<div id=\"modal-style-811-2943\" class=\"awsm-modal-item awsm-scale-anm awsm-modal-hidden awsm-all \" data-info=\"2943\">\n\t<div id=\"awsm-member-info-811-2943\" class=\"awsm-modal-content\">\n\t\t<div class=\"awsm-modal-content-main\">\n\t\t\t<div class=\"awsm-image-main\">\n\t\t\t\t<img loading=\"lazy\" decoding=\"async\" width=\"500\" height=\"500\" src=\"https:\/\/macanders.eu\/wp-content\/uploads\/2020\/12\/IMG_8240-2-1-500x500.jpg\" class=\"attachment-awsm_team size-awsm_team wp-post-image\" alt=\"\" \/>\t\t\t<\/div>\n\t\t\t<div class=\"awsm-modal-details\">\n\t\t\t\t<div class=\"awsm-modal-content-inner\">\n\t\t\t\t\t<h3>Consultante<\/h3><h2>Claire Fabre<\/h2><p>A graduate of GEM (ESC Grenoble), Claire FABRE has been working in the world of recruitment for some twenty years.<\/p>\n<p>After a foray into the IT field at the start of her career, she discovered the direct approach at Management Recruiters International, mainly with players in heavy industry.<\/p>\n<p>In 2010, she joined Menway as a project consultant, to assist a major energy company in the recruitment and assessment of its future managers.<\/p>\n<p>Claire then returned to the direct approach within Experis and rediscovered her specialisation in the field of process industries, for which she is familiar with the professions and career paths. In this way, she provides targeted support to companies in their search for expert and executive profiles.<\/p>\n<p>Claire joined MacAnders in 2020 to participate in the development of the &#8220;Industry and Engineering&#8221; activity of the Lyon office.<\/p>\n<p>She is fluent in English and is SOSIE and PAPI certified.<\/p>\n\t\t\t\t<\/div>\n\t\t\t<\/div>\n\t\t<\/div>\n\t<\/div>\n<\/div>\n<div id=\"modal-style-811-830\" class=\"awsm-modal-item awsm-scale-anm awsm-modal-hidden awsm-all \" data-info=\"830\">\n\t<div id=\"awsm-member-info-811-830\" class=\"awsm-modal-content\">\n\t\t<div class=\"awsm-modal-content-main\">\n\t\t\t<div class=\"awsm-image-main\">\n\t\t\t\t<img loading=\"lazy\" decoding=\"async\" width=\"500\" height=\"500\" src=\"https:\/\/macanders.eu\/wp-content\/uploads\/2019\/07\/IMG_2001-nb-1-500x500.jpg\" class=\"attachment-awsm_team size-awsm_team wp-post-image\" alt=\"\" \/>\t\t\t<\/div>\n\t\t\t<div class=\"awsm-modal-details\">\n\t\t\t\t<div class=\"awsm-modal-content-inner\">\n\t\t\t\t\t<h3>Senior Consultant - IT &amp; Digital Transformation<\/h3><h2>J\u00e9r\u00f4me Berr<\/h2><div class=\"large--description\">\n<div class=\"texte\">\n<p>Graduated from a Master 2 with a major in Human Sciences, J\u00e9r\u00f4me began his career as a Researcher in a recruitment firm specialized in Information Systems and Telecommunications.<\/p>\n<p>In these consulting environments, he has over 15 years of experience in business development and operational management of middle and top management recruitment assignments in various business sectors.<\/p>\n<p>In order to extend his field of expertise, he chooses to join an &#8220;end customer&#8221;, integrates a large catering group into a Recruitment and Skills Development Manager function.<\/p>\n<p>After an entrepreneurial experience and a return to the Board, he joins MacAnders to participate in the development of the IT and Digital Practice<\/p>\n<p>&nbsp;<\/p>\n<div class=\"clear1\"><\/div>\n<\/div>\n<div class=\"clear1\"><\/div>\n<\/div>\n<div class=\"next--prev\"><\/div>\n\t\t\t\t<\/div>\n\t\t\t<\/div>\n\t\t<\/div>\n\t<\/div>\n<\/div>\n<div id=\"modal-style-811-843\" class=\"awsm-modal-item awsm-scale-anm awsm-modal-hidden awsm-all \" data-info=\"843\">\n\t<div id=\"awsm-member-info-811-843\" class=\"awsm-modal-content\">\n\t\t<div class=\"awsm-modal-content-main\">\n\t\t\t<div class=\"awsm-image-main\">\n\t\t\t\t<img loading=\"lazy\" decoding=\"async\" width=\"500\" height=\"500\" src=\"https:\/\/macanders.eu\/wp-content\/uploads\/2019\/07\/Virginie_Genet_NB-500x500.jpg\" class=\"attachment-awsm_team size-awsm_team wp-post-image\" alt=\"virginie genet expert du recrutement macanders paris\" \/>\t\t\t<\/div>\n\t\t\t<div class=\"awsm-modal-details\">\n\t\t\t\t<div class=\"awsm-modal-content-inner\">\n\t\t\t\t\t<h3>Financial and Administrative Manager<\/h3><h2>Virginie Genet<\/h2>\t\t\t\t<\/div>\n\t\t\t<\/div>\n\t\t<\/div>\n\t<\/div>\n<\/div>\n<div id=\"modal-style-811-2922\" class=\"awsm-modal-item awsm-scale-anm awsm-modal-hidden awsm-all \" data-info=\"2922\">\n\t<div id=\"awsm-member-info-811-2922\" class=\"awsm-modal-content\">\n\t\t<div class=\"awsm-modal-content-main\">\n\t\t\t<div class=\"awsm-image-main\">\n\t\t\t\t<img loading=\"lazy\" decoding=\"async\" width=\"500\" height=\"500\" src=\"https:\/\/macanders.eu\/wp-content\/uploads\/2022\/12\/IMG_1253-2-1-500x500.jpg\" class=\"attachment-awsm_team size-awsm_team wp-post-image\" alt=\"\" \/>\t\t\t<\/div>\n\t\t\t<div class=\"awsm-modal-details\">\n\t\t\t\t<div class=\"awsm-modal-content-inner\">\n\t\t\t\t\t<h3>Consultant<\/h3><h2>Charlotte de Malet<\/h2><p>After graduating from a business school and obtaining an MBA in management, Charlotte began her career abroad where she gained six years of management experience in the aeronautical industry.<\/p>\n<p>On her return to France, Charlotte turned to recruitment in the service sector, first in an events company and then at Orange in the South-West headquarters in Bordeaux. At Macanders, Charlotte is in charge of the New Aquitaine region as a consultant, bringing her dual expertise to both candidates and clients.<\/p>\n\t\t\t\t<\/div>\n\t\t\t<\/div>\n\t\t<\/div>\n\t<\/div>\n<\/div>\n<div id=\"modal-style-811-844\" class=\"awsm-modal-item awsm-scale-anm awsm-modal-hidden awsm-all \" data-info=\"844\">\n\t<div id=\"awsm-member-info-811-844\" class=\"awsm-modal-content\">\n\t\t<div class=\"awsm-modal-content-main\">\n\t\t\t<div class=\"awsm-image-main\">\n\t\t\t\t<img loading=\"lazy\" decoding=\"async\" width=\"500\" height=\"500\" src=\"https:\/\/macanders.eu\/wp-content\/uploads\/2019\/07\/samir_NB-500x500.png\" class=\"attachment-awsm_team size-awsm_team wp-post-image\" alt=\"Samir Moussous expert du recrutement macanders paris\" \/>\t\t\t<\/div>\n\t\t\t<div class=\"awsm-modal-details\">\n\t\t\t\t<div class=\"awsm-modal-content-inner\">\n\t\t\t\t\t<h3>Research Pole Manager<\/h3><h2>Samir Moussous<\/h2><p>A graduate of IAE Paris, Samir began his career at the world leader in human resources solutions, as a researcher on the sales &amp; marketing BU. He will then speak on all the hunting projects of the various BUs at the national level and on a wide range of professions. Samir has a unique talent for contacting the people he targets. Whether it is difficult to reach leaders or experts sometimes acting in the shadows. Agile, methodical, rigorous and creative, Samir is a fine hunter. Samir joined MacAnders in 2014 and was appointed head of the Paris Office&#8217;s Research Center in 2017.<\/p>\n<p>Samir is fluent in English.<\/p>\n\t\t\t\t<\/div>\n\t\t\t<\/div>\n\t\t<\/div>\n\t<\/div>\n<\/div>\n<div id=\"modal-style-811-2930\" class=\"awsm-modal-item awsm-scale-anm awsm-modal-hidden awsm-all \" data-info=\"2930\">\n\t<div id=\"awsm-member-info-811-2930\" class=\"awsm-modal-content\">\n\t\t<div class=\"awsm-modal-content-main\">\n\t\t\t<div class=\"awsm-image-main\">\n\t\t\t\t<img loading=\"lazy\" decoding=\"async\" width=\"500\" height=\"500\" src=\"https:\/\/macanders.eu\/wp-content\/uploads\/2022\/05\/IMG_0690-2-500x500.jpg\" class=\"attachment-awsm_team size-awsm_team wp-post-image\" alt=\"\" \/>\t\t\t<\/div>\n\t\t\t<div class=\"awsm-modal-details\">\n\t\t\t\t<div class=\"awsm-modal-content-inner\">\n\t\t\t\t\t<h3>Consultant<\/h3><h2>Aurore Schneider<\/h2><p>Aurore graduated from POLYTECH&#8217;LILLE as a food engineer and holds a DEA in food process biotechnology from ENSAIA. She began her career in 2004 as a Sales Manager with the AUCHAN group. In 2008, she joined the central purchasing office of the same group to work as a quality manager for 8 years on various food product ranges.<\/p>\n<p>Passionate about the product and the field, Aurore decided to return to industry in 2016 and took responsibility for the quality management system of an industrial production site of the NESTLE group; before becoming Quality Director within an Alsatian SME in 2018.<\/p>\n<p>With her knowledge of retail, industry and the organisation of companies ranging from SMEs to international groups, Aurore decided in 2022 to join the recruitment consultancy sector to help companies find their talents.<\/p>\n<p>She joined Mac Anders in March 2022 in the Strasbourg office.<\/p>\n\t\t\t\t<\/div>\n\t\t\t<\/div>\n\t\t<\/div>\n\t<\/div>\n<\/div>\n<div id=\"modal-style-811-2944\" class=\"awsm-modal-item awsm-scale-anm awsm-modal-hidden awsm-all \" data-info=\"2944\">\n\t<div id=\"awsm-member-info-811-2944\" class=\"awsm-modal-content\">\n\t\t<div class=\"awsm-modal-content-main\">\n\t\t\t<div class=\"awsm-image-main\">\n\t\t\t\t<img loading=\"lazy\" decoding=\"async\" width=\"500\" height=\"500\" src=\"https:\/\/macanders.eu\/wp-content\/uploads\/2020\/07\/IMG_7529_edited_nb-500x500.jpg\" class=\"attachment-awsm_team size-awsm_team wp-post-image\" alt=\"\" \/>\t\t\t<\/div>\n\t\t\t<div class=\"awsm-modal-details\">\n\t\t\t\t<div class=\"awsm-modal-content-inner\">\n\t\t\t\t\t<h3>Senior Consultant<\/h3><h2>G\u00e9rard Joulin<\/h2><p>De formation commerciale et marketing, G\u00e9rard a manag\u00e9 des centres de profit dans des secteurs d\u2019activit\u00e9 aussi vari\u00e9s que l\u2019immobilier, les nouvelles technologies (NTIC), le luxe et l\u2019industrie pharmaceutique pendant plus de 20 ans.<\/p>\n<p>Associant \u00e0 ce parcours, deux exp\u00e9riences de cr\u00e9ation d\u2019entreprise, il trouve sa motivation dans le d\u00e9veloppement des hommes. Fortement attir\u00e9 par le Conseil en Ressources Humaines avec pour credo \u00ab\u00a0Croire en l\u2019homme et sa capacit\u00e9 \u00e0 se d\u00e9passer\u00a0\u00bb, G\u00e9rard rejoint le Conseil en Recrutement en 2001 et accompagne ses clients dans le recrutement de cadres dirigeants, de managers commerciaux et marketing ainsi que sur des fonctions Ressources Humaines.<\/p>\n<p>Outre les secteurs\u00a0mentionn\u00e9s ci-dessus, G\u00e9rard a d\u00e9velopp\u00e9 depuis 2005, un savoir-faire dans le recrutement d\u2019experts.<\/p>\n\t\t\t\t<\/div>\n\t\t\t<\/div>\n\t\t<\/div>\n\t<\/div>\n<\/div>\n<div id=\"modal-style-811-2934\" class=\"awsm-modal-item awsm-scale-anm awsm-modal-hidden awsm-all \" data-info=\"2934\">\n\t<div id=\"awsm-member-info-811-2934\" class=\"awsm-modal-content\">\n\t\t<div class=\"awsm-modal-content-main\">\n\t\t\t<div class=\"awsm-image-main\">\n\t\t\t\t<img loading=\"lazy\" decoding=\"async\" width=\"500\" height=\"500\" src=\"https:\/\/macanders.eu\/wp-content\/uploads\/2022\/02\/IMG_9436-3-500x500.jpg\" class=\"attachment-awsm_team size-awsm_team wp-post-image\" alt=\"\" \/>\t\t\t<\/div>\n\t\t\t<div class=\"awsm-modal-details\">\n\t\t\t\t<div class=\"awsm-modal-content-inner\">\n\t\t\t\t\t<h3>Consultant<\/h3><h2>Emilie Kessous<\/h2><p>A graduate of the University of Paris Dauphine in Human Resources Management, Emilie began her career at ALTEN, an engineering and technology consulting company, as operational HR for the Aeronautics, Space and Defence Business Unit. She was in charge of the career follow-up of the engineers in her area. She then moved to the company&#8217;s head office to manage the professional training of support functions and to build and deploy training modules.<\/p>\n<p>In 2018, she joined a Capgemini subsidiary as HR Manager for the Industry Market Unit and took charge of all HR issues within her scope.<\/p>\n<p>At the end of 2019, Emilie left Paris for Nantes and joined an engineering company that supports its clients in the energy, ecological and digital transition of buildings and territories, as Human Development Manager.<\/p>\n<p>With this HR experience in a company in a context strongly marked by Engineering and Industry, Emilie joins MacAnders Nantes in 2022 within the Industry and Engineering practice.<\/p>\n\t\t\t\t<\/div>\n\t\t\t<\/div>\n\t\t<\/div>\n\t<\/div>\n<\/div>\n\t\t\t\t<span class=\"awsm-team-link-control awsm-nav-item awsm-nav-right\"><\/span>\n\t\t\t   <\/div>\n\t\t<\/div>\n\t\t<\/div>\n<\/div>\n[\/vc_column_text][\/vc_column][\/vc_row]\n","protected":false},"excerpt":{"rendered":"<p>[vc_row type=&#8221;full_width_content&#8221; full_screen_row_position=&#8221;middle&#8221; bg_color=&#8221;#dddddd&#8221; scene_position=&#8221;center&#8221; text_color=&#8221;dark&#8221; text_align=&#8221;left&#8221; overlay_strength=&#8221;0.3&#8243; shape_divider_position=&#8221;bottom&#8221; bg_image_animation=&#8221;none&#8221; shape_type=&#8221;&#8221;][vc_column column_padding=&#8221;no-extra-padding&#8221; column_padding_position=&#8221;all&#8221; background_color_opacity=&#8221;1&#8243; background_hover_color_opacity=&#8221;1&#8243; column_link_target=&#8221;_self&#8221; column_shadow=&#8221;none&#8221; column_border_radius=&#8221;none&#8221; width=&#8221;1\/1&#8243; tablet_width_inherit=&#8221;default&#8221; tablet_text_alignment=&#8221;default&#8221; phone_text_alignment=&#8221;default&#8221; column_border_width=&#8221;none&#8221; column_border_style=&#8221;solid&#8221; bg_image_animation=&#8221;none&#8221;][vc_column_text css=&#8221;.vc_custom_1562404687977{margin-right: 10% !important;margin-left: 10% !important;}&#8221;][\/vc_column_text][\/vc_column][\/vc_row]<\/p>\n","protected":false},"author":2,"featured_media":0,"parent":0,"menu_order":0,"comment_status":"closed","ping_status":"closed","template":"","meta":{"_mi_skip_tracking":false,"footnotes":""},"_links":{"self":[{"href":"https:\/\/macanders.eu\/en\/wp-json\/wp\/v2\/pages\/847"}],"collection":[{"href":"https:\/\/macanders.eu\/en\/wp-json\/wp\/v2\/pages"}],"about":[{"href":"https:\/\/macanders.eu\/en\/wp-json\/wp\/v2\/types\/page"}],"author":[{"embeddable":true,"href":"https:\/\/macanders.eu\/en\/wp-json\/wp\/v2\/users\/2"}],"replies":[{"embeddable":true,"href":"https:\/\/macanders.eu\/en\/wp-json\/wp\/v2\/comments?post=847"}],"version-history":[{"count":3,"href":"https:\/\/macanders.eu\/en\/wp-json\/wp\/v2\/pages\/847\/revisions"}],"predecessor-version":[{"id":1746,"href":"https:\/\/macanders.eu\/en\/wp-json\/wp\/v2\/pages\/847\/revisions\/1746"}],"wp:attachment":[{"href":"https:\/\/macanders.eu\/en\/wp-json\/wp\/v2\/media?parent=847"}],"curies":[{"name":"wp","href":"https:\/\/api.w.org\/{rel}","templated":true}]}}